{"id":2575,"date":"2025-04-21T09:18:46","date_gmt":"2025-04-21T09:18:46","guid":{"rendered":"https:\/\/www.buscarparejainternet.com\/forum\/"},"modified":"2025-04-24T12:07:20","modified_gmt":"2025-04-24T12:07:20","slug":"gratis","status":"publish","type":"page","link":"https:\/\/www.buscarparejainternet.com\/foro\/","title":{"rendered":"Foro Gratis para Buscar Pareja en Internet"},"content":{"rendered":"<div id=\"af-wrapper\"><div id=\"forum-header\"><div id=\"forum-navigation-mobile\"><a><span class=\"fas fa-bars\"><\/span>Men\u00fa<\/a><\/div><span class=\"screen-reader-text\">Forum Navigation<\/span><div id=\"forum-navigation\"><a class=\"home-link\" href=\"https:\/\/www.buscarparejainternet.com\/foro\/gratis\" target=\"_self\">Foro<\/a><a class=\"members-link\" href=\"https:\/\/www.buscarparejainternet.com\/foro\/gratis\/members\/\" target=\"_self\">Miembros<\/a><a class=\"activity-link\" href=\"https:\/\/www.buscarparejainternet.com\/foro\/gratis\/activity\/\" target=\"_self\">Actividad<\/a><a class=\"login-link\" href=\"https:\/\/www.buscarparejainternet.com\/foro\/login\/\" target=\"_self\">Accede<\/a><a class=\"register-link\" href=\"https:\/\/www.buscarparejainternet.com\/foro\/registro\/\" target=\"_self\">Reg\u00edstrate<\/a><\/div><div id=\"forum-search\"><span class=\"search-icon fas fa-search\"><\/span><form method=\"get\" action=\"https:\/\/www.buscarparejainternet.com\/foro\/gratis\/search\/\"><input name=\"keywords\" type=\"search\" placeholder=\"Buscar ...\" value=\"\"><\/form><\/div><div class=\"clear\"><\/div><\/div><div id=\"forum-breadcrumbs\" itemscope itemtype=\"http:\/\/schema.org\/BreadcrumbList\"><span class=\"screen-reader-text\">Forum breadcrumbs - You are here:<\/span><span class=\"breadcrumb-icon fas fa-home\"><\/span><span itemprop=\"itemListElement\" itemscope itemtype=\"https:\/\/schema.org\/ListItem\"><a itemprop=\"item\" href=\"https:\/\/www.buscarparejainternet.com\/foro\/gratis\" title=\"Foro Buscar Pareja Gratis\"><span itemprop=\"name\">Foro Buscar Pareja Gratis<\/span><\/a><meta itemprop=\"position\" content=\"1\"><\/span><span class=\"breadcrumb-icon fas fa-chevron-right separator\"><\/span><\/div><h1 class=\"main-title main-title-\">Foro Buscar Pareja Gratis<\/h1><div class=\"title-element\" id=\"forum-category-92\">Normas Del Foro<span class=\"last-post-headline\">\u00daltima publicaci\u00f3n<\/span><\/div><div class=\"content-container\"><div class=\"content-element forum\" id=\"forum-2\"><div class=\"forum-status unread\"><i class=\"fas fa-comments\"><\/i><\/div><div class=\"forum-name\"><a class=\"forum-title\" href=\"https:\/\/www.buscarparejainternet.com\/foro\/gratis\/zona\/normas-del-foro\/\">Normas Del Foro<\/a><small class=\"forum-description\">Normas del foro<\/small><small class=\"forum-stats\">1 debate&nbsp;&middot;&nbsp;1 publicaci\u00f3n<\/small><small class=\"forum-lastpost-small\">\u00daltima entrada:&nbsp;<a href=\"https:\/\/www.buscarparejainternet.com\/foro\/gratis\/topic\/normas-del-foro\/#postid-1\">Normas del Foro<\/a>&nbsp;&middot;&nbsp;<a href=\"https:\/\/www.buscarparejainternet.com\/foro\/gratis\/topic\/normas-del-foro\/#postid-1\">hace 1 a\u00f1o<\/a>&nbsp;&middot;&nbsp;<a class=\"profile-link highlight-admin\" href=\"https:\/\/www.buscarparejainternet.com\/foro\/gratis\/profile\/admin-foro\/\">Admin Foro<\/a><\/small><\/div><div class=\"forum-poster\"><div class=\"forum-poster-avatar\"><img alt='' src='https:\/\/secure.gravatar.com\/avatar\/6616e641372f3161dd1191c29c0a630a420bb00bced9019a7fdf1060d1e7c089?s=40&#038;d=mm&#038;r=g' srcset='https:\/\/secure.gravatar.com\/avatar\/6616e641372f3161dd1191c29c0a630a420bb00bced9019a7fdf1060d1e7c089?s=80&#038;d=mm&#038;r=g 2x' class='avatar avatar-40 photo' height='40' width='40' \/><\/div><div class=\"forum-poster-summary\"><a href=\"https:\/\/www.buscarparejainternet.com\/foro\/gratis\/topic\/normas-del-foro\/#postid-1\">Normas del Foro<\/a><br><small><a href=\"https:\/\/www.buscarparejainternet.com\/foro\/gratis\/topic\/normas-del-foro\/#postid-1\">hace 1 a\u00f1o<\/a><span>&nbsp;&middot;&nbsp;<\/span><a class=\"profile-link highlight-admin\" href=\"https:\/\/www.buscarparejainternet.com\/foro\/gratis\/profile\/admin-foro\/\">Admin Foro<\/a><\/small><\/div><\/div><\/div><\/div><div class=\"title-element\" id=\"forum-category-93\">Foros para Buscar Pareja En Internet<span class=\"last-post-headline\">\u00daltima publicaci\u00f3n<\/span><\/div><div class=\"content-container\"><div class=\"content-element forum\" id=\"forum-3\"><div class=\"forum-status unread\"><i class=\"fas fa-comments\"><\/i><\/div><div class=\"forum-name\"><a class=\"forum-title\" href=\"https:\/\/www.buscarparejainternet.com\/foro\/gratis\/zona\/argentina\/\">Argentina<\/a><small class=\"forum-description\">Foro para Buscar Pareja en Argentina<\/small><small class=\"forum-stats\">1 debate&nbsp;&middot;&nbsp;1 publicaci\u00f3n<\/small><small class=\"forum-lastpost-small\">\u00daltima entrada:&nbsp;<a href=\"https:\/\/www.buscarparejainternet.com\/foro\/gratis\/topic\/alguien-de-la-argentina\/#postid-4\">Alguien de la Argentina?<\/a>&nbsp;&middot;&nbsp;<a href=\"https:\/\/www.buscarparejainternet.com\/foro\/gratis\/topic\/alguien-de-la-argentina\/#postid-4\">hace 1 a\u00f1o<\/a>&nbsp;&middot;&nbsp;Invitado<\/small><\/div><div class=\"forum-poster\"><div class=\"forum-poster-avatar\"><img alt='' src='https:\/\/secure.gravatar.com\/avatar\/?s=40&#038;d=mm&#038;r=g' srcset='https:\/\/secure.gravatar.com\/avatar\/?s=80&#038;d=mm&#038;r=g 2x' class='avatar avatar-40 photo avatar-default' height='40' width='40' \/><\/div><div class=\"forum-poster-summary\"><a href=\"https:\/\/www.buscarparejainternet.com\/foro\/gratis\/topic\/alguien-de-la-argentina\/#postid-4\">Alguien de la Argentina?<\/a><br><small><a href=\"https:\/\/www.buscarparejainternet.com\/foro\/gratis\/topic\/alguien-de-la-argentina\/#postid-4\">hace 1 a\u00f1o<\/a><span>&nbsp;&middot;&nbsp;<\/span>Invitado<\/small><\/div><\/div><\/div><div class=\"content-element forum\" id=\"forum-4\"><div class=\"forum-status read\"><i class=\"fas fa-comments\"><\/i><\/div><div class=\"forum-name\"><a class=\"forum-title\" href=\"https:\/\/www.buscarparejainternet.com\/foro\/gratis\/zona\/chile\/\">Chile<\/a><small class=\"forum-description\">Foro para Buscar Pareja en Chile<\/small><small class=\"forum-stats\">0 debates&nbsp;&middot;&nbsp;0 publicaciones<\/small><small class=\"forum-lastpost-small\"><small class=\"no-topics\">\u00a1Sin temas todav\u00eda!<\/small><\/small><\/div><div class=\"forum-poster\"><small class=\"no-topics\">\u00a1Sin temas todav\u00eda!<\/small><\/div><\/div><div class=\"content-element forum\" id=\"forum-5\"><div class=\"forum-status unread\"><i class=\"fas fa-comments\"><\/i><\/div><div class=\"forum-name\"><a class=\"forum-title\" href=\"https:\/\/www.buscarparejainternet.com\/foro\/gratis\/zona\/colombia\/\">Colombia<\/a><small class=\"forum-description\">Foro para Buscar Pareja en Colombia<\/small><small class=\"forum-stats\">1 debate&nbsp;&middot;&nbsp;2 publicaciones<\/small><small class=\"forum-lastpost-small\">\u00daltima entrada:&nbsp;<a href=\"https:\/\/www.buscarparejainternet.com\/foro\/gratis\/topic\/busco-chica\/#postid-6\">Busco chica<\/a>&nbsp;&middot;&nbsp;<a href=\"https:\/\/www.buscarparejainternet.com\/foro\/gratis\/topic\/busco-chica\/#postid-6\">hace 3 meses<\/a>&nbsp;&middot;&nbsp;Invitado<\/small><\/div><div class=\"forum-poster\"><div class=\"forum-poster-avatar\"><img alt='' src='https:\/\/secure.gravatar.com\/avatar\/?s=40&#038;d=mm&#038;r=g' srcset='https:\/\/secure.gravatar.com\/avatar\/?s=80&#038;d=mm&#038;r=g 2x' class='avatar avatar-40 photo avatar-default' height='40' width='40' \/><\/div><div class=\"forum-poster-summary\"><a href=\"https:\/\/www.buscarparejainternet.com\/foro\/gratis\/topic\/busco-chica\/#postid-6\">Busco chica<\/a><br><small><a href=\"https:\/\/www.buscarparejainternet.com\/foro\/gratis\/topic\/busco-chica\/#postid-6\">hace 3 meses<\/a><span>&nbsp;&middot;&nbsp;<\/span>Invitado<\/small><\/div><\/div><\/div><div class=\"content-element forum\" id=\"forum-6\"><div class=\"forum-status read\"><i class=\"fas fa-comments\"><\/i><\/div><div class=\"forum-name\"><a class=\"forum-title\" href=\"https:\/\/www.buscarparejainternet.com\/foro\/gratis\/zona\/costa-rica\/\">Costa Rica<\/a><small class=\"forum-description\">Foro para Buscar Pareja en Costa Rica<\/small><small class=\"forum-stats\">0 debates&nbsp;&middot;&nbsp;0 publicaciones<\/small><small class=\"forum-lastpost-small\"><small class=\"no-topics\">\u00a1Sin temas todav\u00eda!<\/small><\/small><\/div><div class=\"forum-poster\"><small class=\"no-topics\">\u00a1Sin temas todav\u00eda!<\/small><\/div><\/div><div class=\"content-element forum\" id=\"forum-7\"><div class=\"forum-status unread\"><i class=\"fas fa-comments\"><\/i><\/div><div class=\"forum-name\"><a class=\"forum-title\" href=\"https:\/\/www.buscarparejainternet.com\/foro\/gratis\/zona\/espana\/\">Espa\u00f1a<\/a><small class=\"forum-description\">Foro para Buscar Pareja en Espa\u00f1a<\/small><small class=\"forum-stats\">1 debate&nbsp;&middot;&nbsp;6 publicaciones<\/small><small class=\"forum-lastpost-small\">\u00daltima entrada:&nbsp;<a href=\"https:\/\/www.buscarparejainternet.com\/foro\/gratis\/topic\/busco-hombre-maduro\/#postid-10\">Busco Hombre Maduro<\/a>&nbsp;&middot;&nbsp;<a href=\"https:\/\/www.buscarparejainternet.com\/foro\/gratis\/topic\/busco-hombre-maduro\/#postid-10\">hace 2 meses<\/a>&nbsp;&middot;&nbsp;Invitado<\/small><\/div><div class=\"forum-poster\"><div class=\"forum-poster-avatar\"><img alt='' src='https:\/\/secure.gravatar.com\/avatar\/?s=40&#038;d=mm&#038;r=g' srcset='https:\/\/secure.gravatar.com\/avatar\/?s=80&#038;d=mm&#038;r=g 2x' class='avatar avatar-40 photo avatar-default' height='40' width='40' \/><\/div><div class=\"forum-poster-summary\"><a href=\"https:\/\/www.buscarparejainternet.com\/foro\/gratis\/topic\/busco-hombre-maduro\/#postid-10\">Busco Hombre Maduro<\/a><br><small><a href=\"https:\/\/www.buscarparejainternet.com\/foro\/gratis\/topic\/busco-hombre-maduro\/#postid-10\">hace 2 meses<\/a><span>&nbsp;&middot;&nbsp;<\/span>Invitado<\/small><\/div><\/div><\/div><div class=\"content-element forum\" id=\"forum-8\"><div class=\"forum-status read\"><i class=\"fas fa-comments\"><\/i><\/div><div class=\"forum-name\"><a class=\"forum-title\" href=\"https:\/\/www.buscarparejainternet.com\/foro\/gratis\/zona\/mexico\/\">M\u00e9xico<\/a><small class=\"forum-description\">Foro para Buscar Pareja en M\u00e9xico<\/small><small class=\"forum-stats\">0 debates&nbsp;&middot;&nbsp;0 publicaciones<\/small><small class=\"forum-lastpost-small\"><small class=\"no-topics\">\u00a1Sin temas todav\u00eda!<\/small><\/small><\/div><div class=\"forum-poster\"><small class=\"no-topics\">\u00a1Sin temas todav\u00eda!<\/small><\/div><\/div><div class=\"content-element forum\" id=\"forum-9\"><div class=\"forum-status read\"><i class=\"fas fa-comments\"><\/i><\/div><div class=\"forum-name\"><a class=\"forum-title\" href=\"https:\/\/www.buscarparejainternet.com\/foro\/gratis\/zona\/ee-uu\/\">EE.UU.<\/a><small class=\"forum-description\">Foro para Buscar Pareja en EE.UU.<\/small><small class=\"forum-stats\">0 debates&nbsp;&middot;&nbsp;0 publicaciones<\/small><small class=\"forum-lastpost-small\"><small class=\"no-topics\">\u00a1Sin temas todav\u00eda!<\/small><\/small><\/div><div class=\"forum-poster\"><small class=\"no-topics\">\u00a1Sin temas todav\u00eda!<\/small><\/div><\/div><div class=\"content-element forum\" id=\"forum-10\"><div class=\"forum-status read\"><i class=\"fas fa-comments\"><\/i><\/div><div class=\"forum-name\"><a class=\"forum-title\" href=\"https:\/\/www.buscarparejainternet.com\/foro\/gratis\/zona\/peru\/\">Per\u00fa<\/a><small class=\"forum-description\">Foro para Buscar Pareja en Per\u00fa<\/small><small class=\"forum-stats\">0 debates&nbsp;&middot;&nbsp;0 publicaciones<\/small><small class=\"forum-lastpost-small\"><small class=\"no-topics\">\u00a1Sin temas todav\u00eda!<\/small><\/small><\/div><div class=\"forum-poster\"><small class=\"no-topics\">\u00a1Sin temas todav\u00eda!<\/small><\/div><\/div><div class=\"content-element forum\" id=\"forum-11\"><div class=\"forum-status read\"><i class=\"fas fa-comments\"><\/i><\/div><div class=\"forum-name\"><a class=\"forum-title\" href=\"https:\/\/www.buscarparejainternet.com\/foro\/gratis\/zona\/republica-dominicana\/\">Rep\u00fablica Dominicana<\/a><small class=\"forum-description\">Foro para Buscar Pareja en Rep\u00fablica Dominicana<\/small><small class=\"forum-stats\">0 debates&nbsp;&middot;&nbsp;0 publicaciones<\/small><small class=\"forum-lastpost-small\"><small class=\"no-topics\">\u00a1Sin temas todav\u00eda!<\/small><\/small><\/div><div class=\"forum-poster\"><small class=\"no-topics\">\u00a1Sin temas todav\u00eda!<\/small><\/div><\/div><div class=\"content-element forum\" id=\"forum-12\"><div class=\"forum-status read\"><i class=\"fas fa-comments\"><\/i><\/div><div class=\"forum-name\"><a class=\"forum-title\" href=\"https:\/\/www.buscarparejainternet.com\/foro\/gratis\/zona\/venezuela\/\">Venezuela<\/a><small class=\"forum-description\">Foro para Buscar Pareja en Venezuela<\/small><small class=\"forum-stats\">0 debates&nbsp;&middot;&nbsp;0 publicaciones<\/small><small class=\"forum-lastpost-small\"><small class=\"no-topics\">\u00a1Sin temas todav\u00eda!<\/small><\/small><\/div><div class=\"forum-poster\"><small class=\"no-topics\">\u00a1Sin temas todav\u00eda!<\/small><\/div><\/div><\/div><div id=\"read-unread\"><span class=\"indicator unread\"><\/span><span class=\"indicator-label\">Nuevas publicaciones<\/span><span class=\"indicator read\"><\/span><span class=\"indicator-label\">Nada nuevo<\/span><span class=\"indicator-label\"><span class=\"fas fa-check\"><\/span><a href=\"https:\/\/www.buscarparejainternet.com\/foro\/gratis\/markallread\/?_wpnonce=b7a752d534\">Marcar todo como le\u00eddo<\/a><\/span><span class=\"indicator-label\"><span class=\"fas fa-history\"><\/span><a href=\"https:\/\/www.buscarparejainternet.com\/foro\/gratis\/unread\/\">Mostrar los debates sin leer<\/a><\/span><div class=\"clear\"><\/div><\/div><div id=\"statistics\"><div class=\"title-element title-element-dark\"><span class=\"title-element-icon fas fa-chart-pie\"><\/span>Estad\u00edsticas<\/div><div id=\"statistics-body\"><div id=\"statistics-elements\"><div class=\"statistics-element\"><div class=\"element-number\"><span class=\"statistics-element-icon far fa-comments\"><\/span>4<\/div><div class=\"element-name\">Debates<\/div><\/div><div class=\"statistics-element\"><div class=\"element-number\"><span class=\"statistics-element-icon far fa-comment\"><\/span>10<\/div><div class=\"element-name\">Publicaciones<\/div><\/div><div class=\"statistics-element\"><div class=\"element-number\"><span class=\"statistics-element-icon far fa-eye\"><\/span>2.460<\/div><div class=\"element-name\">Vistas<\/div><\/div><div class=\"statistics-element\"><div class=\"element-number\"><span class=\"statistics-element-icon far fa-user\"><\/span>1<\/div><div class=\"element-name\">Usuarios<\/div><\/div><div class=\"statistics-element\"><div class=\"element-number\"><span class=\"statistics-element-icon far fa-lightbulb\"><\/span>0<\/div><div class=\"element-name\">Conectados<\/div><\/div><\/div><div id=\"statistics-online-users\"><span class=\"online-users-icon fas fa-user\"><\/span>\u00daltimo miembro:&nbsp;<i><a class=\"profile-link highlight-admin\" href=\"https:\/\/www.buscarparejainternet.com\/foro\/gratis\/profile\/admin-foro\/\">Admin Foro<\/a><\/i>&nbsp;&middot;&nbsp;<span class=\"online-users-icon fas fa-users\"><\/span><i>Actualmente nadie est\u00e1 en l\u00ednea.<\/i><\/div><\/div><div class=\"clear\"><\/div><\/div><div id=\"bottom-navigation\"><\/div><div class=\"clear\"><\/div><\/div>\n","protected":false},"excerpt":{"rendered":"","protected":false},"author":1,"featured_media":0,"parent":0,"menu_order":0,"comment_status":"closed","ping_status":"closed","template":"","meta":{"footnotes":""},"class_list":["post-2575","page","type-page","status-publish","hentry"],"yoast_head":"<!-- This site is optimized with the Yoast SEO plugin v27.5 - https:\/\/yoast.com\/product\/yoast-seo-wordpress\/ -->\n<title>Foro Gratis para Buscar Pareja en Internet en 2026<\/title>\n<meta name=\"description\" content=\"Foro completamente gratuito para buscar pareja, relaciones, ligar.. Sin membres\u00edas. En Espa\u00f1a, Colombia, EE.UU., M\u00e9xico..\" \/>\n<meta name=\"robots\" content=\"index, follow, max-snippet:-1, max-image-preview:large, max-video-preview:-1\" \/>\n<link rel=\"canonical\" href=\"https:\/\/www.buscarparejainternet.com\/foro\/\" \/>\n<meta property=\"og:locale\" content=\"es_ES\" \/>\n<meta property=\"og:type\" content=\"article\" \/>\n<meta property=\"og:title\" content=\"Foro Gratis para Buscar Pareja en Internet en 2026\" \/>\n<meta property=\"og:description\" content=\"Foro completamente gratuito para buscar pareja, relaciones, ligar.. Sin membres\u00edas. En Espa\u00f1a, Colombia, EE.UU., M\u00e9xico..\" \/>\n<meta property=\"og:url\" content=\"https:\/\/www.buscarparejainternet.com\/foro\/\" \/>\n<meta property=\"og:site_name\" content=\"Foro Buscar Pareja en Internet\" \/>\n<meta property=\"article:publisher\" content=\"https:\/\/www.facebook.com\/buscarparejainternet\/\" \/>\n<meta property=\"article:modified_time\" content=\"2025-04-24T12:07:20+00:00\" \/>\n<meta name=\"twitter:card\" content=\"summary_large_image\" \/>\n<meta name=\"twitter:site\" content=\"@BParejaInternet\" \/>\n<script type=\"application\/ld+json\" class=\"yoast-schema-graph\">{\"@context\":\"https:\\\/\\\/schema.org\",\"@graph\":[{\"@type\":\"WebPage\",\"@id\":\"https:\\\/\\\/www.buscarparejainternet.com\\\/foro\\\/\",\"url\":\"https:\\\/\\\/www.buscarparejainternet.com\\\/foro\\\/\",\"name\":\"Foro Gratis para Buscar Pareja en Internet en 2026\",\"isPartOf\":{\"@id\":\"https:\\\/\\\/www.buscarparejainternet.com\\\/foro\\\/#website\"},\"datePublished\":\"2025-04-21T09:18:46+00:00\",\"dateModified\":\"2025-04-24T12:07:20+00:00\",\"description\":\"Foro completamente gratuito para buscar pareja, relaciones, ligar.. Sin membres\u00edas. En Espa\u00f1a, Colombia, EE.UU., M\u00e9xico..\",\"breadcrumb\":{\"@id\":\"https:\\\/\\\/www.buscarparejainternet.com\\\/foro\\\/#breadcrumb\"},\"inLanguage\":\"es\",\"potentialAction\":[{\"@type\":\"ReadAction\",\"target\":[\"https:\\\/\\\/www.buscarparejainternet.com\\\/foro\\\/\"]}]},{\"@type\":\"BreadcrumbList\",\"@id\":\"https:\\\/\\\/www.buscarparejainternet.com\\\/foro\\\/#breadcrumb\",\"itemListElement\":[{\"@type\":\"ListItem\",\"position\":1,\"name\":\"Portada\",\"item\":\"https:\\\/\\\/www.buscarparejainternet.com\\\/foro\\\/\"},{\"@type\":\"ListItem\",\"position\":2,\"name\":\"Foro Gratis para Buscar Pareja en Internet\"}]},{\"@type\":\"WebSite\",\"@id\":\"https:\\\/\\\/www.buscarparejainternet.com\\\/foro\\\/#website\",\"url\":\"https:\\\/\\\/www.buscarparejainternet.com\\\/foro\\\/\",\"name\":\"Foro Buscar Pareja en Internet\",\"description\":\"Foro Buscar Pareja Gratis\",\"publisher\":{\"@id\":\"https:\\\/\\\/www.buscarparejainternet.com\\\/foro\\\/#organization\"},\"potentialAction\":[{\"@type\":\"SearchAction\",\"target\":{\"@type\":\"EntryPoint\",\"urlTemplate\":\"https:\\\/\\\/www.buscarparejainternet.com\\\/foro\\\/?s={search_term_string}\"},\"query-input\":{\"@type\":\"PropertyValueSpecification\",\"valueRequired\":true,\"valueName\":\"search_term_string\"}}],\"inLanguage\":\"es\"},{\"@type\":\"Organization\",\"@id\":\"https:\\\/\\\/www.buscarparejainternet.com\\\/foro\\\/#organization\",\"name\":\"Foro Buscar Pareja Internet\",\"url\":\"https:\\\/\\\/www.buscarparejainternet.com\\\/foro\\\/\",\"logo\":{\"@type\":\"ImageObject\",\"inLanguage\":\"es\",\"@id\":\"https:\\\/\\\/www.buscarparejainternet.com\\\/foro\\\/#\\\/schema\\\/logo\\\/image\\\/\",\"url\":\"https:\\\/\\\/www.buscarparejainternet.com\\\/foro\\\/wp-content\\\/uploads\\\/2024\\\/08\\\/loBPI2go.png\",\"contentUrl\":\"https:\\\/\\\/www.buscarparejainternet.com\\\/foro\\\/wp-content\\\/uploads\\\/2024\\\/08\\\/loBPI2go.png\",\"width\":207,\"height\":61,\"caption\":\"Foro Buscar Pareja Internet\"},\"image\":{\"@id\":\"https:\\\/\\\/www.buscarparejainternet.com\\\/foro\\\/#\\\/schema\\\/logo\\\/image\\\/\"},\"sameAs\":[\"https:\\\/\\\/www.facebook.com\\\/buscarparejainternet\\\/\",\"https:\\\/\\\/x.com\\\/BParejaInternet\"]}]}<\/script>\n<!-- \/ Yoast SEO plugin. -->","yoast_head_json":{"title":"Foro Gratis para Buscar Pareja en Internet en 2026","description":"Foro completamente gratuito para buscar pareja, relaciones, ligar.. Sin membres\u00edas. En Espa\u00f1a, Colombia, EE.UU., M\u00e9xico..","robots":{"index":"index","follow":"follow","max-snippet":"max-snippet:-1","max-image-preview":"max-image-preview:large","max-video-preview":"max-video-preview:-1"},"canonical":"https:\/\/www.buscarparejainternet.com\/foro\/","og_locale":"es_ES","og_type":"article","og_title":"Foro Gratis para Buscar Pareja en Internet en 2026","og_description":"Foro completamente gratuito para buscar pareja, relaciones, ligar.. Sin membres\u00edas. En Espa\u00f1a, Colombia, EE.UU., M\u00e9xico..","og_url":"https:\/\/www.buscarparejainternet.com\/foro\/","og_site_name":"Foro Buscar Pareja en Internet","article_publisher":"https:\/\/www.facebook.com\/buscarparejainternet\/","article_modified_time":"2025-04-24T12:07:20+00:00","twitter_card":"summary_large_image","twitter_site":"@BParejaInternet","schema":{"@context":"https:\/\/schema.org","@graph":[{"@type":"WebPage","@id":"https:\/\/www.buscarparejainternet.com\/foro\/","url":"https:\/\/www.buscarparejainternet.com\/foro\/","name":"Foro Gratis para Buscar Pareja en Internet en 2026","isPartOf":{"@id":"https:\/\/www.buscarparejainternet.com\/foro\/#website"},"datePublished":"2025-04-21T09:18:46+00:00","dateModified":"2025-04-24T12:07:20+00:00","description":"Foro completamente gratuito para buscar pareja, relaciones, ligar.. Sin membres\u00edas. En Espa\u00f1a, Colombia, EE.UU., M\u00e9xico..","breadcrumb":{"@id":"https:\/\/www.buscarparejainternet.com\/foro\/#breadcrumb"},"inLanguage":"es","potentialAction":[{"@type":"ReadAction","target":["https:\/\/www.buscarparejainternet.com\/foro\/"]}]},{"@type":"BreadcrumbList","@id":"https:\/\/www.buscarparejainternet.com\/foro\/#breadcrumb","itemListElement":[{"@type":"ListItem","position":1,"name":"Portada","item":"https:\/\/www.buscarparejainternet.com\/foro\/"},{"@type":"ListItem","position":2,"name":"Foro Gratis para Buscar Pareja en Internet"}]},{"@type":"WebSite","@id":"https:\/\/www.buscarparejainternet.com\/foro\/#website","url":"https:\/\/www.buscarparejainternet.com\/foro\/","name":"Foro Buscar Pareja en Internet","description":"Foro Buscar Pareja Gratis","publisher":{"@id":"https:\/\/www.buscarparejainternet.com\/foro\/#organization"},"potentialAction":[{"@type":"SearchAction","target":{"@type":"EntryPoint","urlTemplate":"https:\/\/www.buscarparejainternet.com\/foro\/?s={search_term_string}"},"query-input":{"@type":"PropertyValueSpecification","valueRequired":true,"valueName":"search_term_string"}}],"inLanguage":"es"},{"@type":"Organization","@id":"https:\/\/www.buscarparejainternet.com\/foro\/#organization","name":"Foro Buscar Pareja Internet","url":"https:\/\/www.buscarparejainternet.com\/foro\/","logo":{"@type":"ImageObject","inLanguage":"es","@id":"https:\/\/www.buscarparejainternet.com\/foro\/#\/schema\/logo\/image\/","url":"https:\/\/www.buscarparejainternet.com\/foro\/wp-content\/uploads\/2024\/08\/loBPI2go.png","contentUrl":"https:\/\/www.buscarparejainternet.com\/foro\/wp-content\/uploads\/2024\/08\/loBPI2go.png","width":207,"height":61,"caption":"Foro Buscar Pareja Internet"},"image":{"@id":"https:\/\/www.buscarparejainternet.com\/foro\/#\/schema\/logo\/image\/"},"sameAs":["https:\/\/www.facebook.com\/buscarparejainternet\/","https:\/\/x.com\/BParejaInternet"]}]}},"_links":{"self":[{"href":"https:\/\/www.buscarparejainternet.com\/foro\/wp-json\/wp\/v2\/pages\/2575","targetHints":{"allow":["GET"]}}],"collection":[{"href":"https:\/\/www.buscarparejainternet.com\/foro\/wp-json\/wp\/v2\/pages"}],"about":[{"href":"https:\/\/www.buscarparejainternet.com\/foro\/wp-json\/wp\/v2\/types\/page"}],"author":[{"embeddable":true,"href":"https:\/\/www.buscarparejainternet.com\/foro\/wp-json\/wp\/v2\/users\/1"}],"replies":[{"embeddable":true,"href":"https:\/\/www.buscarparejainternet.com\/foro\/wp-json\/wp\/v2\/comments?post=2575"}],"version-history":[{"count":3,"href":"https:\/\/www.buscarparejainternet.com\/foro\/wp-json\/wp\/v2\/pages\/2575\/revisions"}],"predecessor-version":[{"id":2704,"href":"https:\/\/www.buscarparejainternet.com\/foro\/wp-json\/wp\/v2\/pages\/2575\/revisions\/2704"}],"wp:attachment":[{"href":"https:\/\/www.buscarparejainternet.com\/foro\/wp-json\/wp\/v2\/media?parent=2575"}],"curies":[{"name":"wp","href":"https:\/\/api.w.org\/{rel}","templated":true}]}}